{"id":2,"date":"2022-11-07T10:55:08","date_gmt":"2022-11-07T10:55:08","guid":{"rendered":"https:\/\/kartvizit.avenyazilim.com\/?page_id=2"},"modified":"2023-01-13T10:57:53","modified_gmt":"2023-01-13T07:57:53","slug":"ana-sayfa","status":"publish","type":"page","link":"https:\/\/kartvizit.avenyazilim.com\/en\/","title":{"rendered":"Ana Sayfa"},"content":{"rendered":"<section class=\"wpb-content-wrapper\"><div class=\"vc_row wpb_row vc_row-fluid\"><div class=\"wpb_column vc_column_container vc_col-sm-12\"><div class=\"vc_column-inner\"><div class=\"wpb_wrapper\">\n\t<div class=\"wpb_text_column wpb_content_element\" >\n\t\t<div class=\"wpb_wrapper\">\n\t\t\t<p style=\"text-align: center; margin-top: 300px;\"><img loading=\"lazy\" decoding=\"async\" class=\"aligncenter wp-image-12 size-full\" src=\"https:\/\/kartvizit.avenyazilim.com\/wp-content\/uploads\/2022\/12\/aven-dijital-kart.png\" alt=\"\" width=\"1375\" height=\"334\" srcset=\"https:\/\/kartvizit.avenyazilim.com\/wp-content\/uploads\/2022\/12\/aven-dijital-kart.png 1375w, https:\/\/kartvizit.avenyazilim.com\/wp-content\/uploads\/2022\/12\/aven-dijital-kart-300x73.png 300w, https:\/\/kartvizit.avenyazilim.com\/wp-content\/uploads\/2022\/12\/aven-dijital-kart-1024x249.png 1024w, https:\/\/kartvizit.avenyazilim.com\/wp-content\/uploads\/2022\/12\/aven-dijital-kart-768x187.png 768w\" sizes=\"auto, (max-width: 1375px) 100vw, 1375px\" \/><br \/>\n<strong>Aven Dijital<\/strong> Karvizit Almak \u0130\u00e7in Bu linke T\u0131klay\u0131n<\/p>\n\n\t\t<\/div>\n\t<\/div>\n<\/div><\/div><\/div><\/div>\n<\/section>","protected":false},"excerpt":{"rendered":"Aven Dijital Karvizit Almak \u0130\u00e7in Bu linke T\u0131klay\u0131n","protected":false},"author":1,"featured_media":0,"parent":0,"menu_order":0,"comment_status":"closed","ping_status":"open","template":"","meta":{"footnotes":""},"class_list":["post-2","page","type-page","status-publish","hentry"],"publishpress_future_action":{"enabled":false,"date":"2026-05-24 15:20:05","action":"change-status","newStatus":"draft","terms":[],"taxonomy":""},"_links":{"self":[{"href":"https:\/\/kartvizit.avenyazilim.com\/en\/wp-json\/wp\/v2\/pages\/2","targetHints":{"allow":["GET"]}}],"collection":[{"href":"https:\/\/kartvizit.avenyazilim.com\/en\/wp-json\/wp\/v2\/pages"}],"about":[{"href":"https:\/\/kartvizit.avenyazilim.com\/en\/wp-json\/wp\/v2\/types\/page"}],"author":[{"embeddable":true,"href":"https:\/\/kartvizit.avenyazilim.com\/en\/wp-json\/wp\/v2\/users\/1"}],"replies":[{"embeddable":true,"href":"https:\/\/kartvizit.avenyazilim.com\/en\/wp-json\/wp\/v2\/comments?post=2"}],"version-history":[{"count":3,"href":"https:\/\/kartvizit.avenyazilim.com\/en\/wp-json\/wp\/v2\/pages\/2\/revisions"}],"predecessor-version":[{"id":16,"href":"https:\/\/kartvizit.avenyazilim.com\/en\/wp-json\/wp\/v2\/pages\/2\/revisions\/16"}],"wp:attachment":[{"href":"https:\/\/kartvizit.avenyazilim.com\/en\/wp-json\/wp\/v2\/media?parent=2"}],"curies":[{"name":"wp","href":"https:\/\/api.w.org\/{rel}","templated":true}]}}